{"id":617,"date":"2019-03-24T22:11:42","date_gmt":"2019-03-24T22:11:42","guid":{"rendered":"http:\/\/alinabobrowska.com\/?page_id=617"},"modified":"2020-04-04T20:56:26","modified_gmt":"2020-04-04T20:56:26","slug":"polityka-prywatnosci-i-rodo","status":"publish","type":"page","link":"https:\/\/alinabobrowska.com\/en\/polityka-prywatnosci-i-rodo\/","title":{"rendered":"Polityka prywatno\u015bci"},"content":{"rendered":"<div class=\"fusion-fullwidth fullwidth-box fusion-builder-row-1 nonhundred-percent-fullwidth non-hundred-percent-height-scrolling\" style=\"--awb-border-radius-top-left:0px;--awb-border-radius-top-right:0px;--awb-border-radius-bottom-right:0px;--awb-border-radius-bottom-left:0px;--awb-flex-wrap:wrap;\" ><div class=\"fusion-builder-row fusion-row\"><div class=\"fusion-layout-column fusion_builder_column fusion-builder-column-0 fusion_builder_column_1_1 1_1 fusion-one-full fusion-column-first fusion-column-last\" style=\"--awb-bg-size:cover;\"><div class=\"fusion-column-wrapper fusion-column-has-shadow fusion-flex-column-wrapper-legacy\"><div class=\"fusion-text fusion-text-1\"><p>POLITYKA PRYWATNO\u015aCI<\/p>\n<p>Niniejsza Polityka Prywatno\u015bci okre\u015bla zasady przetwarzania i ochrony danych osobowych przekazanych przez U\u017cytkownik\u00f3w w zwi\u0105zku z korzystaniem przez nich z us\u0142ug oferowanych poprzez <a href=\"http:\/\/alinabobrowska.com\">alinabobrowska.com<\/a> bez wzgl\u0119du na urz\u0105dzenie, z kt\u00f3rego korzysta u\u017cytkownik (urz\u0105dzenia mobilne, komputer, tablet).<\/p>\n<p>Administratorem danych osobowych zawartych w serwisie jest: Fotograf Alina Bobrowska, os. 60-lecia O.N.P. 1c\/6, 83-200 Starogard Gda\u0144ski, email: <a href=\"mailto:alinabobrowska@gmail.com\">alinabobrowska@gmail.com<\/a>, tel. +48 661 220 583<\/p>\n<p>W trosce o bezpiecze\u0144stwo powierzonych nam danych opracowali\u015bmy wewn\u0119trzne procedury i zalecenia, kt\u00f3re maj\u0105 zapobiec udost\u0119pnieniu danych osobom nieupowa\u017cnionym. Kontrolujemy ich wykonywanie i stale sprawdzamy ich zgodno\u015b\u0107 z odpowiednimi aktami prawnymi \u2013 ustaw\u0105 o ochronie danych osobowych, ustaw\u0105 o \u015bwiadczeniu us\u0142ug drog\u0105 elektroniczn\u0105, a tak\u017ce wszelkiego rodzaju aktami wykonawczymi i aktami prawa wsp\u00f3lnotowego, przede wszystkim Rozporz\u0105dzeniem Parlamentu Europejskiego i Rady (UE) 2016\/679 z dnia 27 kwietnia 2016 r. w sprawie ochrony os\u00f3b fizycznych w zwi\u0105zku z przetwarzaniem danych osobowych i w sprawie swobodnego przep\u0142ywu takich danych oraz uchylenia dyrektywy 95\/46\/WE (og\u00f3lne rozporz\u0105dzenie o ochronie danych \u2013 dalej RODO).<\/p>\n<p>Dane Osobowe przetwarzane s\u0105 na podstawie dobrowolnej zgody wyra\u017conej przez U\u017cytkownika oraz w przypadkach, w kt\u00f3rych przepisy prawa upowa\u017cniaj\u0105 Administratora do przetwarzania danych osobowych na podstawie przepis\u00f3w prawa lub w celu realizacji zawartej pomi\u0119dzy stronami umowy.<\/p>\n<p>Serwis realizuje funkcje pozyskiwania informacji o u\u017cytkownikach i ich zachowaniach w nast\u0119puj\u0105cy spos\u00f3b:<\/p>\n<p>poprzez dobrowolnie wprowadzone w formularzach informacje,<\/p>\n<p>poprzez gromadzenie plik\u00f3w \u201ccookies\u201d.<\/p>\n<p>Serwis zbiera informacje dobrowolnie podane przez u\u017cytkownika.<\/p>\n<p>Dane podane w formularzu s\u0105 przetwarzane w celu wynikaj\u0105cym z funkcji konkretnego formularza np. w celu przedstawienia oferty przez Administratora.<\/p>\n<p>Dane osobowe pozostawione w serwisie nie zostan\u0105 sprzedane ani udost\u0119pnione osobom trzecim, zgodnie z przepisami Ustawy o ochronie danych osobowych.<\/p>\n<p>Do danych zawartych w formularzu przys\u0142uguje w ka\u017cdym momencie wgl\u0105d osobie fizycznej, kt\u00f3ra je tam umie\u015bci\u0142a. Osoba ta ma r\u00f3wnie\u017c prawo do ich sprostowania, usuni\u0119cia lub ograniczenia przetwarzania, prawo do wniesienia sprzeciwu wobec przetwarzania, a tak\u017ce prawo do przenoszenia danych.<\/p>\n<p>Je\u017celi osoba, kt\u00f3rej dane s\u0105 przechowywane przez Administratora uzna, \u017ce dane przetwarzane s\u0105 niezgodnie z przepisami prawa, przys\u0142uguje jej prawo wniesienia skargi do organu nadzorczego.<\/p>\n<p>Dane osobowe przechowywane b\u0119d\u0105 przez Administratora przez okres prowadzenia przez niego dzia\u0142alno\u015bci, chyba \u017ce wcze\u015bniej u\u017cytkownik zrezygnuje ze \u015bwiadczonych us\u0142ug, co spowoduje trwa\u0142e usuni\u0119cie danych z bazy.<\/p>\n<p>Alinabobrowska.com zastrzega sobie prawo do zmiany w polityce ochrony prywatno\u015bci serwisu, na kt\u00f3re mo\u017ce wp\u0142yn\u0105\u0107 rozw\u00f3j technologii internetowej, ewentualne zmiany prawa w zakresie ochrony danych osobowych oraz rozw\u00f3j naszego serwisu internetowego. O wszelkich zmianach b\u0119dzie informowa\u0107 w spos\u00f3b widoczny i zrozumia\u0142y.<\/p>\n<p>W razie w\u0105tpliwo\u015bci do kt\u00f3regokolwiek z zapis\u00f3w niniejszej polityki prywatno\u015bci, jestem do dyspozycji \u2013 moje dane znale\u017a\u0107 mo\u017cna w zak\u0142adce Kontakt.<\/p>\n<\/div><div class=\"fusion-clearfix\"><\/div><\/div><\/div><\/div><\/div>\n","protected":false},"excerpt":{"rendered":"","protected":false},"author":1,"featured_media":0,"parent":0,"menu_order":0,"comment_status":"closed","ping_status":"closed","template":"","meta":{"_monsterinsights_skip_tracking":false,"_monsterinsights_sitenote_active":false,"_monsterinsights_sitenote_note":"","_monsterinsights_sitenote_category":0,"footnotes":""},"class_list":["post-617","page","type-page","status-publish","hentry"],"aioseo_notices":[],"_links":{"self":[{"href":"https:\/\/alinabobrowska.com\/en\/wp-json\/wp\/v2\/pages\/617","targetHints":{"allow":["GET"]}}],"collection":[{"href":"https:\/\/alinabobrowska.com\/en\/wp-json\/wp\/v2\/pages"}],"about":[{"href":"https:\/\/alinabobrowska.com\/en\/wp-json\/wp\/v2\/types\/page"}],"author":[{"embeddable":true,"href":"https:\/\/alinabobrowska.com\/en\/wp-json\/wp\/v2\/users\/1"}],"replies":[{"embeddable":true,"href":"https:\/\/alinabobrowska.com\/en\/wp-json\/wp\/v2\/comments?post=617"}],"version-history":[{"count":6,"href":"https:\/\/alinabobrowska.com\/en\/wp-json\/wp\/v2\/pages\/617\/revisions"}],"predecessor-version":[{"id":2154,"href":"https:\/\/alinabobrowska.com\/en\/wp-json\/wp\/v2\/pages\/617\/revisions\/2154"}],"wp:attachment":[{"href":"https:\/\/alinabobrowska.com\/en\/wp-json\/wp\/v2\/media?parent=617"}],"curies":[{"name":"wp","href":"https:\/\/api.w.org\/{rel}","templated":true}]}}